{"id":857,"date":"2014-12-11T20:16:51","date_gmt":"2014-12-11T20:16:51","guid":{"rendered":"http:\/\/mirosz-kancelaria.pl\/?page_id=857"},"modified":"2020-05-22T12:52:49","modified_gmt":"2020-05-22T12:52:49","slug":"kontakt","status":"publish","type":"page","link":"http:\/\/mirosz-kancelaria.pl\/zh-hant\/kontakt\/","title":{"rendered":"Kontakt"},"content":{"rendered":"<h3>Mirosz Jankowski i Partnerzy<br \/>\nKancelaria Radc\u00f3w Prawnych<\/h3>\n<h3>Aleje Jerozolimskie 85 lokal 21<\/h3>\n<h3>02-100\u00a0 Warszawa<\/h3>\n<p>Tel\u00a0 + (48) 604 09 88 22<\/p>\n<p>e mail: <a href=\"mailto:iwona.mirosz@mirosz-kancelaria.pl\">iwona.mirosz@mirosz-kancelaria.pl<\/a><\/p>\n<p>skype: officemirosz<\/p>\n<p>NIP: 5252603338<br \/>\nREGON: 360296786<br \/>\nKRS: 0000533366<\/p>\n<p>Dla wygody naszych Klient\u00f3w Kancelaria zlokalizowana jest\u00a0z dogodnym dojazdem\u00a0i mo\u017cliwo\u015bci\u0105 parkowania.<\/p>\n","protected":false},"excerpt":{"rendered":"<p>Mirosz Jan<a href=\"http:\/\/mirosz-kancelaria.pl\/zh-hant\/kontakt\/\">Read More &raquo;<\/a><\/p>\n","protected":false},"author":1,"featured_media":0,"parent":0,"menu_order":8,"comment_status":"closed","ping_status":"closed","template":"contact.php","meta":{"_acf_changed":false,"footnotes":""},"class_list":["post-857","page","type-page","status-publish","hentry"],"acf":[],"yoast_head":"<!-- This site is optimized with the Yoast SEO plugin v26.8 - https:\/\/yoast.com\/product\/yoast-seo-wordpress\/ -->\n<title>Kontakt - Mirosz Jankowski - Kancelaria<\/title>\n<meta name=\"robots\" content=\"index, follow, max-snippet:-1, max-image-preview:large, max-video-preview:-1\" \/>\n<link rel=\"canonical\" href=\"http:\/\/mirosz-kancelaria.pl\/zh-hant\/kontakt\/\" \/>\n<meta property=\"og:locale\" content=\"zh_TW\" \/>\n<meta property=\"og:type\" content=\"article\" \/>\n<meta property=\"og:title\" content=\"Kontakt - Mirosz Jankowski - Kancelaria\" \/>\n<meta property=\"og:description\" content=\"Mirosz JanRead More &raquo;\" \/>\n<meta property=\"og:url\" content=\"http:\/\/mirosz-kancelaria.pl\/zh-hant\/kontakt\/\" \/>\n<meta property=\"og:site_name\" content=\"Mirosz Jankowski - Kancelaria\" \/>\n<meta property=\"article:modified_time\" content=\"2020-05-22T12:52:49+00:00\" \/>\n<script type=\"application\/ld+json\" class=\"yoast-schema-graph\">{\"@context\":\"https:\/\/schema.org\",\"@graph\":[{\"@type\":\"WebPage\",\"@id\":\"http:\/\/mirosz-kancelaria.pl\/zh-hant\/kontakt\/\",\"url\":\"http:\/\/mirosz-kancelaria.pl\/zh-hant\/kontakt\/\",\"name\":\"Kontakt - Mirosz Jankowski - Kancelaria\",\"isPartOf\":{\"@id\":\"http:\/\/mirosz-kancelaria.pl\/#website\"},\"datePublished\":\"2014-12-11T20:16:51+00:00\",\"dateModified\":\"2020-05-22T12:52:49+00:00\",\"breadcrumb\":{\"@id\":\"http:\/\/mirosz-kancelaria.pl\/zh-hant\/kontakt\/#breadcrumb\"},\"inLanguage\":\"zh-TW\",\"potentialAction\":[{\"@type\":\"ReadAction\",\"target\":[\"http:\/\/mirosz-kancelaria.pl\/zh-hant\/kontakt\/\"]}]},{\"@type\":\"BreadcrumbList\",\"@id\":\"http:\/\/mirosz-kancelaria.pl\/zh-hant\/kontakt\/#breadcrumb\",\"itemListElement\":[{\"@type\":\"ListItem\",\"position\":1,\"name\":\"Strona g\u0142\u00f3wna\",\"item\":\"http:\/\/mirosz-kancelaria.pl\/zh-hant\/\"},{\"@type\":\"ListItem\",\"position\":2,\"name\":\"Kontakt\"}]},{\"@type\":\"WebSite\",\"@id\":\"http:\/\/mirosz-kancelaria.pl\/#website\",\"url\":\"http:\/\/mirosz-kancelaria.pl\/\",\"name\":\"Mirosz Jankowski - Kancelaria\",\"description\":\"Mirosz Jankowski Kancelaria\",\"potentialAction\":[{\"@type\":\"SearchAction\",\"target\":{\"@type\":\"EntryPoint\",\"urlTemplate\":\"http:\/\/mirosz-kancelaria.pl\/?s={search_term_string}\"},\"query-input\":{\"@type\":\"PropertyValueSpecification\",\"valueRequired\":true,\"valueName\":\"search_term_string\"}}],\"inLanguage\":\"zh-TW\"}]}<\/script>\n<!-- \/ Yoast SEO plugin. -->","yoast_head_json":{"title":"Kontakt - Mirosz Jankowski - Kancelaria","robots":{"index":"index","follow":"follow","max-snippet":"max-snippet:-1","max-image-preview":"max-image-preview:large","max-video-preview":"max-video-preview:-1"},"canonical":"http:\/\/mirosz-kancelaria.pl\/zh-hant\/kontakt\/","og_locale":"zh_TW","og_type":"article","og_title":"Kontakt - Mirosz Jankowski - Kancelaria","og_description":"Mirosz JanRead More &raquo;","og_url":"http:\/\/mirosz-kancelaria.pl\/zh-hant\/kontakt\/","og_site_name":"Mirosz Jankowski - Kancelaria","article_modified_time":"2020-05-22T12:52:49+00:00","schema":{"@context":"https:\/\/schema.org","@graph":[{"@type":"WebPage","@id":"http:\/\/mirosz-kancelaria.pl\/zh-hant\/kontakt\/","url":"http:\/\/mirosz-kancelaria.pl\/zh-hant\/kontakt\/","name":"Kontakt - Mirosz Jankowski - Kancelaria","isPartOf":{"@id":"http:\/\/mirosz-kancelaria.pl\/#website"},"datePublished":"2014-12-11T20:16:51+00:00","dateModified":"2020-05-22T12:52:49+00:00","breadcrumb":{"@id":"http:\/\/mirosz-kancelaria.pl\/zh-hant\/kontakt\/#breadcrumb"},"inLanguage":"zh-TW","potentialAction":[{"@type":"ReadAction","target":["http:\/\/mirosz-kancelaria.pl\/zh-hant\/kontakt\/"]}]},{"@type":"BreadcrumbList","@id":"http:\/\/mirosz-kancelaria.pl\/zh-hant\/kontakt\/#breadcrumb","itemListElement":[{"@type":"ListItem","position":1,"name":"Strona g\u0142\u00f3wna","item":"http:\/\/mirosz-kancelaria.pl\/zh-hant\/"},{"@type":"ListItem","position":2,"name":"Kontakt"}]},{"@type":"WebSite","@id":"http:\/\/mirosz-kancelaria.pl\/#website","url":"http:\/\/mirosz-kancelaria.pl\/","name":"Mirosz Jankowski - Kancelaria","description":"Mirosz Jankowski Kancelaria","potentialAction":[{"@type":"SearchAction","target":{"@type":"EntryPoint","urlTemplate":"http:\/\/mirosz-kancelaria.pl\/?s={search_term_string}"},"query-input":{"@type":"PropertyValueSpecification","valueRequired":true,"valueName":"search_term_string"}}],"inLanguage":"zh-TW"}]}},"_links":{"self":[{"href":"http:\/\/mirosz-kancelaria.pl\/zh-hant\/wp-json\/wp\/v2\/pages\/857","targetHints":{"allow":["GET"]}}],"collection":[{"href":"http:\/\/mirosz-kancelaria.pl\/zh-hant\/wp-json\/wp\/v2\/pages"}],"about":[{"href":"http:\/\/mirosz-kancelaria.pl\/zh-hant\/wp-json\/wp\/v2\/types\/page"}],"author":[{"embeddable":true,"href":"http:\/\/mirosz-kancelaria.pl\/zh-hant\/wp-json\/wp\/v2\/users\/1"}],"replies":[{"embeddable":true,"href":"http:\/\/mirosz-kancelaria.pl\/zh-hant\/wp-json\/wp\/v2\/comments?post=857"}],"version-history":[{"count":12,"href":"http:\/\/mirosz-kancelaria.pl\/zh-hant\/wp-json\/wp\/v2\/pages\/857\/revisions"}],"predecessor-version":[{"id":1019,"href":"http:\/\/mirosz-kancelaria.pl\/zh-hant\/wp-json\/wp\/v2\/pages\/857\/revisions\/1019"}],"wp:attachment":[{"href":"http:\/\/mirosz-kancelaria.pl\/zh-hant\/wp-json\/wp\/v2\/media?parent=857"}],"curies":[{"name":"wp","href":"https:\/\/api.w.org\/{rel}","templated":true}]}}